{"id":4980,"date":"2020-02-13T19:11:16","date_gmt":"2020-02-13T19:11:16","guid":{"rendered":"https:\/\/zabriskiefilms.com\/nosotros\/"},"modified":"2025-12-29T10:49:42","modified_gmt":"2025-12-29T10:49:42","slug":"nosotros","status":"publish","type":"page","link":"https:\/\/zabriskiefilms.com\/es\/nosotros\/","title":{"rendered":"Nosotros"},"content":{"rendered":"<div class=\"wpb-content-wrapper\"><p>[vc_row css=\u00bb.vc_custom_1581700022251{margin-bottom: 95px !important;}\u00bb][vc_column css=\u00bb.vc_custom_1746894191041{margin-top: 0px !important;border-top-width: 0px !important;padding-top: 0px !important;background-color: #FFFFFF !important;border-color: #FFFFFF !important;}\u00bb][vc_single_image image=\u00bb6023&#8243; img_size=\u00bblarge\u00bb alignment=\u00bbcenter\u00bb css=\u00bb\u00bb][vc_column_text css=\u00bb\u00bb]<\/p>\n<p class=\"\" style=\"text-align: left;\" data-start=\"54\" data-end=\"369\"><strong data-start=\"54\" data-end=\"73\">Zabriskie Films<\/strong> es una productora y distribuidora con sede en Barcelona, fundada por el director y productor <strong data-start=\"167\" data-end=\"184\">Carles Torras<\/strong> en 2007. Especializada en cine de ficci\u00f3n y series de televisi\u00f3n, nuestra misi\u00f3n es descubrir talentos emergentes excepcionales y producir contenido de alta calidad con impacto global.<\/p>\n<p class=\"\" style=\"text-align: left;\" data-start=\"371\" data-end=\"710\"><strong data-start=\"371\" data-end=\"389\">\u00abEl Practicante\u00bb<\/strong> (2020) se convirti\u00f3 en un fen\u00f3meno mundial en <strong>Netflix<\/strong>, alcanzando el puesto #2 entre las pel\u00edculas m\u00e1s vistas de la plataforma y acumulando m\u00e1s de <strong>40 millones de visualizaciones en 180 pa\u00edses<\/strong>. Encabez\u00f3 el ranking en 27 pa\u00edses y entr\u00f3 en el Top 10 en 78, convirti\u00e9ndose en <strong>la producci\u00f3n catalana m\u00e1s vista de la historia<\/strong>.<\/p>\n<p class=\"\" style=\"text-align: left;\" data-start=\"712\" data-end=\"1145\"><strong>\u00abUpon Entry\u00bb<\/strong>\u00a0(2022), nuestro aclamado thriller psicol\u00f3gico, gan\u00f3 30 premios internacionales, incluido el prestigioso <strong data-start=\"845\" data-end=\"864\">Premio FIPRESCI<\/strong>. Tambi\u00e9n recibi\u00f3 m\u00e1s de 40 nominaciones, entre ellas tres a los <strong data-start=\"929\" data-end=\"958\">Independent Spirit Awards<\/strong> y tres a los <strong data-start=\"972\" data-end=\"988\">Premios Goya<\/strong>. Distribuida a nivel mundial por Charades y Anonymous Content, fue vendida a m\u00e1s de 30 pa\u00edses y logr\u00f3 115.000 espectadores en salas solo en Francia.<\/p>\n<p class=\"\" style=\"text-align: left;\" data-start=\"1147\" data-end=\"1546\"><strong data-start=\"1147\" data-end=\"1155\">\u00abMuy lejos\u00bb <\/strong>(<em>Molt lluny<\/em>, 2025), dirigida por Gerard Oms, contin\u00faa con nuestro impulso. Esta coproducci\u00f3n hispano-holandesa fue galardonada con <strong>dos Biznagas de Plata<\/strong> en el <strong>Festival de Cine de M\u00e1laga<\/strong>, incluyendo <strong data-start=\"1352\" data-end=\"1367\">Mejor Actor<\/strong> <strong>para Mario Casas<\/strong> y el <strong data-start=\"1394\" data-end=\"1438\">Premio Especial del Jurado de la Cr\u00edtica<\/strong>. Ha sido una de las \u00f3peras primas espa\u00f1olas m\u00e1s aclamadas por la cr\u00edtica y exitosas comercialmente en 2025.<\/p>\n<p class=\"\" style=\"text-align: left;\" data-start=\"1548\" data-end=\"1827\"><strong data-start=\"1548\" data-end=\"1560\">\u00abCallback\u00bb<\/strong> (2016), un hito anterior en nuestro recorrido, ya hab\u00eda tenido una acogida extraordinaria en el <strong>Festival de Cine de M\u00e1laga<\/strong>, siendo galardonada con tres de los principales premios: <strong data-start=\"1677\" data-end=\"1695\">Mejor Pel\u00edcula<\/strong>, <strong data-start=\"1697\" data-end=\"1712\">Mejor Guion<\/strong> y <strong data-start=\"1715\" data-end=\"1730\">Mejor Actor<\/strong>, consolidando a Zabriskie Films como una compa\u00f1\u00eda destacada en la escena independiente espa\u00f1ola.<\/p>\n<p class=\"\" style=\"text-align: left;\" data-start=\"1829\" data-end=\"1984\">Recientemente finalizamos \u00ab<strong>Los Renacidos\u00bb<\/strong>, una coproducci\u00f3n argentino-espa\u00f1ola con el apoyo del ICAA, INCAA e ICEC, que se estrenar\u00e1 en 2025.<\/p>\n<p class=\"\" style=\"text-align: left;\" data-start=\"1986\" data-end=\"2169\">En <strong data-start=\"1989\" data-end=\"2008\">Zabriskie Films<\/strong>, apostamos por una narrativa audaz, fomentamos el talento extraordinario y llevamos historias poderosas y de resonancia global a audiencias de todo el mundo.<\/p>\n<p>[\/vc_column_text][\/vc_column][\/vc_row]<\/p>\n<\/div>","protected":false},"excerpt":{"rendered":"<p>[vc_row css=\u00bb.vc_custom_1581700022251{margin-bottom: 95px !important;}\u00bb][vc_column css=\u00bb.vc_custom_1746894191041{margin-top: 0px !important;border-top-width: 0px !important;padding-top: 0px !important;background-color: #FFFFFF !important;border-color: #FFFFFF !important;}\u00bb][vc_single_image image=\u00bb6023&#8243; img_size=\u00bblarge\u00bb alignment=\u00bbcenter\u00bb css=\u00bb\u00bb][vc_column_text css=\u00bb\u00bb] Zabriskie Films es una productora&#8230;<\/p>\n","protected":false},"author":1,"featured_media":0,"parent":0,"menu_order":0,"comment_status":"closed","ping_status":"closed","template":"","meta":{"_acf_changed":false,"_siteseo_robots_primary_cat":"","footnotes":""},"class_list":["post-4980","page","type-page","status-publish","hentry"],"acf":[],"_links":{"self":[{"href":"https:\/\/zabriskiefilms.com\/es\/wp-json\/wp\/v2\/pages\/4980","targetHints":{"allow":["GET"]}}],"collection":[{"href":"https:\/\/zabriskiefilms.com\/es\/wp-json\/wp\/v2\/pages"}],"about":[{"href":"https:\/\/zabriskiefilms.com\/es\/wp-json\/wp\/v2\/types\/page"}],"author":[{"embeddable":true,"href":"https:\/\/zabriskiefilms.com\/es\/wp-json\/wp\/v2\/users\/1"}],"replies":[{"embeddable":true,"href":"https:\/\/zabriskiefilms.com\/es\/wp-json\/wp\/v2\/comments?post=4980"}],"version-history":[{"count":34,"href":"https:\/\/zabriskiefilms.com\/es\/wp-json\/wp\/v2\/pages\/4980\/revisions"}],"predecessor-version":[{"id":6062,"href":"https:\/\/zabriskiefilms.com\/es\/wp-json\/wp\/v2\/pages\/4980\/revisions\/6062"}],"wp:attachment":[{"href":"https:\/\/zabriskiefilms.com\/es\/wp-json\/wp\/v2\/media?parent=4980"}],"curies":[{"name":"wp","href":"https:\/\/api.w.org\/{rel}","templated":true}]}}